{"id":678,"date":"2024-04-11T03:00:44","date_gmt":"2024-04-11T03:00:44","guid":{"rendered":"https:\/\/institutoentrelacos.com\/loja\/?post_type=product&#038;p=678"},"modified":"2025-06-16T18:09:37","modified_gmt":"2025-06-16T18:09:37","slug":"mascote-alfredo","status":"publish","type":"product","link":"https:\/\/institutoentrelacos.com\/loja\/produto\/mascote-alfredo\/","title":{"rendered":"Mascote Alfredo"},"content":{"rendered":"<p>Boneco feito de pano, artesanalmente, produto sob encomenda.<br \/>\nCaso queira customizar o seu animal de estima\u00e7\u00e3o, <a href=\"https:\/\/api.whatsapp.com\/send\/?phone=5521979543131&amp;text=Ol%C3%A1%2C+estou+no+site+do+Instituto+Entrela%C3%A7os+e+preciso+conversar+sobre+...&amp;type=phone_number&amp;app_absent=0\">solicite o or\u00e7amento atrav\u00e9s do\u00a0nosso\u00a0WhatsApp.<\/a><\/p>\n<p>&nbsp;<\/p>\n","protected":false},"excerpt":{"rendered":"<p>Boneco feito de pano, artesanalmente, produto sob encomenda. Caso queira customizar o seu animal de estima\u00e7\u00e3o, solicite o or\u00e7amento atrav\u00e9s do\u00a0nosso\u00a0WhatsApp. &nbsp;<\/p>\n","protected":false},"featured_media":684,"comment_status":"open","ping_status":"closed","template":"","meta":[],"product_brand":[],"product_cat":[36],"product_tag":[],"class_list":{"0":"post-678","1":"product","2":"type-product","3":"status-publish","4":"has-post-thumbnail","6":"product_cat-bonecos","8":"first","9":"outofstock","10":"shipping-taxable","11":"purchasable","12":"product-type-simple"},"_links":{"self":[{"href":"https:\/\/institutoentrelacos.com\/loja\/wp-json\/wp\/v2\/product\/678","targetHints":{"allow":["GET"]}}],"collection":[{"href":"https:\/\/institutoentrelacos.com\/loja\/wp-json\/wp\/v2\/product"}],"about":[{"href":"https:\/\/institutoentrelacos.com\/loja\/wp-json\/wp\/v2\/types\/product"}],"replies":[{"embeddable":true,"href":"https:\/\/institutoentrelacos.com\/loja\/wp-json\/wp\/v2\/comments?post=678"}],"wp:featuredmedia":[{"embeddable":true,"href":"https:\/\/institutoentrelacos.com\/loja\/wp-json\/wp\/v2\/media\/684"}],"wp:attachment":[{"href":"https:\/\/institutoentrelacos.com\/loja\/wp-json\/wp\/v2\/media?parent=678"}],"wp:term":[{"taxonomy":"product_brand","embeddable":true,"href":"https:\/\/institutoentrelacos.com\/loja\/wp-json\/wp\/v2\/product_brand?post=678"},{"taxonomy":"product_cat","embeddable":true,"href":"https:\/\/institutoentrelacos.com\/loja\/wp-json\/wp\/v2\/product_cat?post=678"},{"taxonomy":"product_tag","embeddable":true,"href":"https:\/\/institutoentrelacos.com\/loja\/wp-json\/wp\/v2\/product_tag?post=678"}],"curies":[{"name":"wp","href":"https:\/\/api.w.org\/{rel}","templated":true}]}}