{"id":227,"date":"2021-12-01T22:15:13","date_gmt":"2021-12-01T22:15:13","guid":{"rendered":"https:\/\/institutoentrelacos.com\/loja\/?post_type=product&#038;p=227"},"modified":"2025-04-13T01:49:30","modified_gmt":"2025-04-13T01:49:30","slug":"pequeno-livro-dos-aprendizados-do-luto","status":"publish","type":"product","link":"https:\/\/institutoentrelacos.com\/loja\/produto\/pequeno-livro-dos-aprendizados-do-luto\/","title":{"rendered":"Pequeno Livro dos Aprendizados do Luto"},"content":{"rendered":"<p>O Pequeno Livro dos Aprendizados do Luto foi escrito por Davi Kanaan, aos 9 anos de idade. Desde a morte do pai, quando tinha 7 anos, Davi se tornou paciente do Instituto Entrela\u00e7os. O livro foi organizado por Erika Pallottino, sua psic\u00f3loga. Ao longo de muitas sess\u00f5es, trilharam o caminho da dor aguda \u00e0 assimila\u00e7\u00e3o gradual da transi\u00e7\u00e3o que o processo de luto trouxe para a vida dele.<\/p>\n<p>Esse livro \u00e9 sobre v\u00ednculos que perduram e n\u00e3o se encerram, sobre la\u00e7os afetivos cont\u00ednuos, sobre o encontro com a dor do luto. \u00c9, sobretudo, um livro que trata do refazimento que nos ajuda a seguir e sobre como suportamos a aus\u00eancia daqueles que amamos.<\/p>\n<p>(Se voc\u00ea mora no Rio de Janeiro e deseja retirar o livro presencial no Instituto Entrela\u00e7os, e n\u00e3o pagar a taxa de frete, entre em contato atrav\u00e9s do nosso WhatsApp &#8211;<a href=\"https:\/\/api.whatsapp.com\/send?phone=5521979543131&amp;text=Ol%C3%A1%20Instituto%20Entrela%C3%A7os%2C%20vim%20pela%20loja%20e%20gostaria%20de%20saber%20mais%20sobre%20Pequeno%20Livro%20dos%20Aprendizados%20do%20Luto\"> (21) 97954-3131<\/a> )<\/p>\n","protected":false},"excerpt":{"rendered":"<p>O Pequeno Livro dos Aprendizados do Luto foi escrito por Davi Kanaan, aos 9 anos de idade. Desde a morte do pai, quando tinha 7 anos, Davi se tornou paciente do Instituto Entrela\u00e7os. O livro foi organizado por Erika Pallottino, sua psic\u00f3loga. Ao longo de muitas sess\u00f5es, trilharam o caminho da dor aguda \u00e0 assimila\u00e7\u00e3o gradual da transi\u00e7\u00e3o que o processo de luto trouxe para a vida dele.<\/p>\n<p>Esse livro \u00e9 sobre v\u00ednculos que perduram e n\u00e3o se encerram, sobre la\u00e7os afetivos cont\u00ednuos, sobre o encontro com a dor do luto. \u00c9, sobretudo, um livro que trata do refazimento que nos ajuda a seguir e sobre como suportamos a aus\u00eancia daqueles que amamos.<\/p>\n<p>(Se voc\u00ea mora no Rio de Janeiro e deseja retirar o livro presencial no Instituto Entrela\u00e7os, e n\u00e3o pagar a taxa de frete, entre em contato atrav\u00e9s do nosso WhatsApp &#8211;<a href=\"https:\/\/api.whatsapp.com\/send?phone=5521979543131&amp;text=Ol%C3%A1%20Instituto%20Entrela%C3%A7os%2C%20vim%20pela%20loja%20e%20gostaria%20de%20saber%20mais%20sobre%20Pequeno%20Livro%20dos%20Aprendizados%20do%20Luto\"> (21) 97954-3131<\/a> )<\/p>\n","protected":false},"featured_media":228,"comment_status":"open","ping_status":"closed","template":"","meta":[],"product_brand":[],"product_cat":[19],"product_tag":[],"class_list":{"0":"post-227","1":"product","2":"type-product","3":"status-publish","4":"has-post-thumbnail","6":"product_cat-livros","7":"product_shipping_class-taxa-10","9":"first","10":"instock","11":"shipping-taxable","12":"purchasable","13":"product-type-simple"},"_links":{"self":[{"href":"https:\/\/institutoentrelacos.com\/loja\/wp-json\/wp\/v2\/product\/227","targetHints":{"allow":["GET"]}}],"collection":[{"href":"https:\/\/institutoentrelacos.com\/loja\/wp-json\/wp\/v2\/product"}],"about":[{"href":"https:\/\/institutoentrelacos.com\/loja\/wp-json\/wp\/v2\/types\/product"}],"replies":[{"embeddable":true,"href":"https:\/\/institutoentrelacos.com\/loja\/wp-json\/wp\/v2\/comments?post=227"}],"wp:featuredmedia":[{"embeddable":true,"href":"https:\/\/institutoentrelacos.com\/loja\/wp-json\/wp\/v2\/media\/228"}],"wp:attachment":[{"href":"https:\/\/institutoentrelacos.com\/loja\/wp-json\/wp\/v2\/media?parent=227"}],"wp:term":[{"taxonomy":"product_brand","embeddable":true,"href":"https:\/\/institutoentrelacos.com\/loja\/wp-json\/wp\/v2\/product_brand?post=227"},{"taxonomy":"product_cat","embeddable":true,"href":"https:\/\/institutoentrelacos.com\/loja\/wp-json\/wp\/v2\/product_cat?post=227"},{"taxonomy":"product_tag","embeddable":true,"href":"https:\/\/institutoentrelacos.com\/loja\/wp-json\/wp\/v2\/product_tag?post=227"}],"curies":[{"name":"wp","href":"https:\/\/api.w.org\/{rel}","templated":true}]}}