{"id":176,"date":"2021-10-17T18:02:39","date_gmt":"2021-10-17T18:02:39","guid":{"rendered":"https:\/\/institutoentrelacos.com\/loja\/?post_type=product&#038;p=176"},"modified":"2026-02-26T01:42:01","modified_gmt":"2026-02-26T01:42:01","slug":"patas-na-mesa","status":"publish","type":"product","link":"https:\/\/institutoentrelacos.com\/loja\/produto\/patas-na-mesa\/","title":{"rendered":"Patas na Mesa"},"content":{"rendered":"<p>O Patas na Mesa \u00e9 uma ferramenta de comunica\u00e7\u00e3o que facilita a abordagem de temas dif\u00edceis na rotina da cl\u00ednica m\u00e9dica veterin\u00e1ria e nas conversas delicadas entre as fam\u00edlias sobre o luto por adoecimento e morte do animal de estima\u00e7\u00e3o. O baralho pode ser usado pelos veterin\u00e1rios e respons\u00e1veis pelos animais que est\u00e3o lidando com os cuidados de fim de vida e a terminalidade pet. A boa comunica\u00e7\u00e3o \u00e9 fundamental na hora de decidir o que \u00e9 melhor para pacientes e suas fam\u00edlias nesse momento t\u00e3o delicado.<\/p>\n<p>Erika Pallottino, s\u00f3cia fundadora do Instituto Entrela\u00e7os, esteve junto do grupo de veterin\u00e1rios do TanatoVet construindo esse material. O baralho \u00e9 composto por 24 cartas e vem com um manual de instru\u00e7\u00f5es.<\/p>\n<p>Produzido por: TanatoVet &#8211; <a href=\"https:\/\/instagram.com\/tanatovet\" target=\"_blank\" rel=\"noopener\">@tanatovet<\/a><\/p>\n<p>&nbsp;<\/p>\n","protected":false},"excerpt":{"rendered":"<p>O Patas na Mesa \u00e9 uma ferramenta de comunica\u00e7\u00e3o que facilita a abordagem de temas dif\u00edceis na rotina da cl\u00ednica m\u00e9dica veterin\u00e1ria e nas conversas delicadas entre as fam\u00edlias sobre o luto por adoecimento e morte do animal de estima\u00e7\u00e3o.<\/p>\n","protected":false},"featured_media":189,"comment_status":"open","ping_status":"closed","template":"","meta":[],"product_brand":[],"product_cat":[28],"product_tag":[],"class_list":{"0":"post-176","1":"product","2":"type-product","3":"status-publish","4":"has-post-thumbnail","6":"product_cat-ajudas","7":"product_shipping_class-taxa-10","9":"first","10":"instock","11":"shipping-taxable","12":"purchasable","13":"product-type-simple"},"_links":{"self":[{"href":"https:\/\/institutoentrelacos.com\/loja\/wp-json\/wp\/v2\/product\/176","targetHints":{"allow":["GET"]}}],"collection":[{"href":"https:\/\/institutoentrelacos.com\/loja\/wp-json\/wp\/v2\/product"}],"about":[{"href":"https:\/\/institutoentrelacos.com\/loja\/wp-json\/wp\/v2\/types\/product"}],"replies":[{"embeddable":true,"href":"https:\/\/institutoentrelacos.com\/loja\/wp-json\/wp\/v2\/comments?post=176"}],"wp:featuredmedia":[{"embeddable":true,"href":"https:\/\/institutoentrelacos.com\/loja\/wp-json\/wp\/v2\/media\/189"}],"wp:attachment":[{"href":"https:\/\/institutoentrelacos.com\/loja\/wp-json\/wp\/v2\/media?parent=176"}],"wp:term":[{"taxonomy":"product_brand","embeddable":true,"href":"https:\/\/institutoentrelacos.com\/loja\/wp-json\/wp\/v2\/product_brand?post=176"},{"taxonomy":"product_cat","embeddable":true,"href":"https:\/\/institutoentrelacos.com\/loja\/wp-json\/wp\/v2\/product_cat?post=176"},{"taxonomy":"product_tag","embeddable":true,"href":"https:\/\/institutoentrelacos.com\/loja\/wp-json\/wp\/v2\/product_tag?post=176"}],"curies":[{"name":"wp","href":"https:\/\/api.w.org\/{rel}","templated":true}]}}