{"id":148,"date":"2021-10-01T19:26:13","date_gmt":"2021-10-01T19:26:13","guid":{"rendered":"https:\/\/institutoentrelacos.com\/loja\/?post_type=product&#038;p=148"},"modified":"2026-02-26T01:41:20","modified_gmt":"2026-02-26T01:41:20","slug":"retire-o-que-voce-precisa","status":"publish","type":"product","link":"https:\/\/institutoentrelacos.com\/loja\/produto\/retire-o-que-voce-precisa\/","title":{"rendered":"Retire o que voc\u00ea precisa"},"content":{"rendered":"<p>A folha \u201cRetire o que voc\u00ea precisa\u201d, produzida com cuidado e carinho, nasceu do desejo de oferecer aos nossos pacientes um instrumento que favorecesse a comunica\u00e7\u00e3o sobre as suas necessidades e o reconhecimento do cuidado que precisam.<\/p>\n<p>No entanto, para al\u00e9m do espa\u00e7o terap\u00eautico, ela est\u00e1 sendo utilizada em outros contextos:<\/p>\n<ul>\n<li>Entre as fam\u00edlias, especialmente com crian\u00e7as e adolescentes, para favorecer uma melhor comunica\u00e7\u00e3o nos momentos de crise.<\/li>\n<li>Entre profissionais da educa\u00e7\u00e3o, nas discuss\u00f5es e din\u00e2micas em sala de aula com alunos.<\/li>\n<li>Entre profissionais de sa\u00fade, como forma de reconhecimento de autocuidado e cuidado m\u00fatuo entre a equipe.<\/li>\n<li>Para pacientes enlutados que, cotidianamente, sintam necessidade de construir um di\u00e1rio de sentimentos e sensa\u00e7\u00f5es, buscando se conectarem com o processo de luto que vivem.<\/li>\n<\/ul>\n","protected":false},"excerpt":{"rendered":"<p>A folha \u201cRetire o que voc\u00ea precisa\u201d, produzida com cuidado e carinho, nasceu do desejo de oferecer aos nossos pacientes um instrumento que favorecesse a comunica\u00e7\u00e3o sobre as suas necessidades e o reconhecimento do cuidado que precisam.<\/p>\n<p>No entanto, para al\u00e9m do espa\u00e7o terap\u00eautico, ela est\u00e1 sendo utilizada em outros contextos:<\/p>\n<ul>\n<li>Entre as fam\u00edlias, especialmente com crian\u00e7as e adolescentes, para favorecer uma melhor comunica\u00e7\u00e3o nos momentos de crise.<\/li>\n<li>Entre profissionais da educa\u00e7\u00e3o, nas discuss\u00f5es e din\u00e2micas em sala de aula com alunos.<\/li>\n<li>Entre profissionais de sa\u00fade, como forma de reconhecimento de autocuidado e cuidado m\u00fatuo entre a equipe.<\/li>\n<li>Para pacientes enlutados que, cotidianamente, sintam necessidade de construir um di\u00e1rio de sentimentos e sensa\u00e7\u00f5es, buscando se conectarem com o processo de luto que vivem.<\/li>\n<\/ul>\n<p>&nbsp;<\/p>\n","protected":false},"featured_media":149,"comment_status":"open","ping_status":"closed","template":"","meta":[],"product_brand":[],"product_cat":[28],"product_tag":[],"class_list":{"0":"post-148","1":"product","2":"type-product","3":"status-publish","4":"has-post-thumbnail","6":"product_cat-ajudas","7":"product_shipping_class-taxa-10","9":"first","10":"instock","11":"shipping-taxable","12":"purchasable","13":"product-type-simple"},"_links":{"self":[{"href":"https:\/\/institutoentrelacos.com\/loja\/wp-json\/wp\/v2\/product\/148","targetHints":{"allow":["GET"]}}],"collection":[{"href":"https:\/\/institutoentrelacos.com\/loja\/wp-json\/wp\/v2\/product"}],"about":[{"href":"https:\/\/institutoentrelacos.com\/loja\/wp-json\/wp\/v2\/types\/product"}],"replies":[{"embeddable":true,"href":"https:\/\/institutoentrelacos.com\/loja\/wp-json\/wp\/v2\/comments?post=148"}],"wp:featuredmedia":[{"embeddable":true,"href":"https:\/\/institutoentrelacos.com\/loja\/wp-json\/wp\/v2\/media\/149"}],"wp:attachment":[{"href":"https:\/\/institutoentrelacos.com\/loja\/wp-json\/wp\/v2\/media?parent=148"}],"wp:term":[{"taxonomy":"product_brand","embeddable":true,"href":"https:\/\/institutoentrelacos.com\/loja\/wp-json\/wp\/v2\/product_brand?post=148"},{"taxonomy":"product_cat","embeddable":true,"href":"https:\/\/institutoentrelacos.com\/loja\/wp-json\/wp\/v2\/product_cat?post=148"},{"taxonomy":"product_tag","embeddable":true,"href":"https:\/\/institutoentrelacos.com\/loja\/wp-json\/wp\/v2\/product_tag?post=148"}],"curies":[{"name":"wp","href":"https:\/\/api.w.org\/{rel}","templated":true}]}}