{"id":105,"date":"2021-09-25T19:28:00","date_gmt":"2021-09-25T19:28:00","guid":{"rendered":"https:\/\/institutoentrelacos.com\/loja\/?post_type=product&#038;p=105"},"modified":"2025-01-21T18:13:33","modified_gmt":"2025-01-21T18:13:33","slug":"como-lidar-luto-perinatal","status":"publish","type":"product","link":"https:\/\/institutoentrelacos.com\/loja\/produto\/como-lidar-luto-perinatal\/","title":{"rendered":"Como lidar: luto perinatal"},"content":{"rendered":"<p>Este livro busca transformar a assist\u00eancia obst\u00e9trica e neonatal no Brasil para que todas as fam\u00edlias sejam acolhidas com dignidade n\u00e3o s\u00f3 no nascimento, mas tamb\u00e9m na morte. As autoras abordam com muita propriedade e traduzem de forma pr\u00e1tica e objetiva como deve ser o cuidado oferecido \u00e0s fam\u00edlias que vivenciam a dor da perda de uma gesta\u00e7\u00e3o, da morte de um beb\u00ea rec\u00e9m-nascido ou do nascimento de um beb\u00ea em \u00f3bito.<\/p>\n<p>Trata-se de um livro urgente, para apoiar profissionais que lidam com o nascimento quando ele vem acompanhado de perto pela morte.<\/p>\n<p>Ainda que possa ser lido por qualquer pessoa desejosa de saber mais sobre o tema, Como lidar: luto perinatal foi pensado, especificamente, como uma ferramenta de reflex\u00e3o destinada a profissionais e institui\u00e7\u00f5es de sa\u00fade.<\/p>\n<p>Em muitas das aulas do Instituto Entrela\u00e7os sobre luto perinatal, neonatal e gestacional, indicamos esse livro com refer\u00eancia. Vale a pena a leitura!<\/p>\n<ul class=\"a-unordered-list a-nostyle a-vertical a-spacing-none detail-bullet-list\">\n<li><span class=\"a-list-item\"><span class=\"a-text-bold\">Editora \u200f : \u200e\u00a0<\/span>Editora Ema (1 janeiro 2018)<\/span><\/li>\n<li><span class=\"a-list-item\"><span class=\"a-text-bold\">Idioma \u200f : \u200e\u00a0<\/span>Portugu\u00eas<\/span><\/li>\n<li><span class=\"a-list-item\"><span class=\"a-text-bold\">ISBN-10 \u200f : \u200e\u00a0<\/span>8567695090<\/span><\/li>\n<li><span class=\"a-list-item\"><span class=\"a-text-bold\">ISBN-13 \u200f : \u200e\u00a0<\/span>978-8567695099<\/span><\/li>\n<\/ul>\n<p>Autoras: Heloisa de Oliveira Salgado e Carla Andreucci Polido<\/p>\n","protected":false},"excerpt":{"rendered":"<p>Este livro busca transformar a assist\u00eancia obst\u00e9trica e neonatal no Brasil para que todas as fam\u00edlias sejam acolhidas com dignidade n\u00e3o s\u00f3 no nascimento, mas tamb\u00e9m na morte. As autoras abordam com muita propriedade e traduzem de forma pr\u00e1tica e objetiva como deve ser o cuidado oferecido \u00e0s fam\u00edlias que vivenciam a dor da perda de uma gesta\u00e7\u00e3o, da morte de um beb\u00ea rec\u00e9m-nascido ou do nascimento de um beb\u00ea em \u00f3bito.<\/p>\n","protected":false},"featured_media":94,"comment_status":"open","ping_status":"closed","template":"","meta":[],"product_brand":[],"product_cat":[19],"product_tag":[],"class_list":{"0":"post-105","1":"product","2":"type-product","3":"status-publish","4":"has-post-thumbnail","6":"product_cat-livros","7":"product_shipping_class-taxa-10","9":"first","10":"outofstock","11":"shipping-taxable","12":"purchasable","13":"product-type-simple"},"_links":{"self":[{"href":"https:\/\/institutoentrelacos.com\/loja\/wp-json\/wp\/v2\/product\/105","targetHints":{"allow":["GET"]}}],"collection":[{"href":"https:\/\/institutoentrelacos.com\/loja\/wp-json\/wp\/v2\/product"}],"about":[{"href":"https:\/\/institutoentrelacos.com\/loja\/wp-json\/wp\/v2\/types\/product"}],"replies":[{"embeddable":true,"href":"https:\/\/institutoentrelacos.com\/loja\/wp-json\/wp\/v2\/comments?post=105"}],"wp:featuredmedia":[{"embeddable":true,"href":"https:\/\/institutoentrelacos.com\/loja\/wp-json\/wp\/v2\/media\/94"}],"wp:attachment":[{"href":"https:\/\/institutoentrelacos.com\/loja\/wp-json\/wp\/v2\/media?parent=105"}],"wp:term":[{"taxonomy":"product_brand","embeddable":true,"href":"https:\/\/institutoentrelacos.com\/loja\/wp-json\/wp\/v2\/product_brand?post=105"},{"taxonomy":"product_cat","embeddable":true,"href":"https:\/\/institutoentrelacos.com\/loja\/wp-json\/wp\/v2\/product_cat?post=105"},{"taxonomy":"product_tag","embeddable":true,"href":"https:\/\/institutoentrelacos.com\/loja\/wp-json\/wp\/v2\/product_tag?post=105"}],"curies":[{"name":"wp","href":"https:\/\/api.w.org\/{rel}","templated":true}]}}